{"id":1394,"date":"2025-03-31T14:26:03","date_gmt":"2025-03-31T12:26:03","guid":{"rendered":"https:\/\/www.theseacleaners.org\/engagieren-sie-sich\/"},"modified":"2026-02-01T16:49:09","modified_gmt":"2026-02-01T15:49:09","slug":"engagieren-sie-sich","status":"publish","type":"page","link":"https:\/\/www.theseacleaners.org\/de\/engagieren-sie-sich\/","title":{"rendered":"Engagieren Sie sich"},"content":{"rendered":"","protected":false},"excerpt":{"rendered":"","protected":false},"author":1,"featured_media":0,"parent":0,"menu_order":0,"comment_status":"closed","ping_status":"closed","template":"","meta":{"_acf_changed":false,"_seopress_robots_primary_cat":"","_seopress_titles_title":"Beteiligen Sie sich noch heute an den Bem\u00fchungen zum Schutz der Ozeane und des Meereslebens","_seopress_titles_desc":"Machen Sie Wellen f\u00fcr den Wandel! Unterst\u00fctzen Sie den Meeresschutz durch Spenden, Freiwilligenarbeit oder Partnerschaften. Jede Aktion gegen die Plastikverschmutzung der Meere z\u00e4hlt.  ","_seopress_robots_index":"","footnotes":""},"class_list":["post-1394","page","type-page","status-publish","hentry"],"acf":[],"_links":{"self":[{"href":"https:\/\/www.theseacleaners.org\/de\/wp-json\/wp\/v2\/pages\/1394","targetHints":{"allow":["GET"]}}],"collection":[{"href":"https:\/\/www.theseacleaners.org\/de\/wp-json\/wp\/v2\/pages"}],"about":[{"href":"https:\/\/www.theseacleaners.org\/de\/wp-json\/wp\/v2\/types\/page"}],"author":[{"embeddable":true,"href":"https:\/\/www.theseacleaners.org\/de\/wp-json\/wp\/v2\/users\/1"}],"replies":[{"embeddable":true,"href":"https:\/\/www.theseacleaners.org\/de\/wp-json\/wp\/v2\/comments?post=1394"}],"version-history":[{"count":1,"href":"https:\/\/www.theseacleaners.org\/de\/wp-json\/wp\/v2\/pages\/1394\/revisions"}],"predecessor-version":[{"id":1521,"href":"https:\/\/www.theseacleaners.org\/de\/wp-json\/wp\/v2\/pages\/1394\/revisions\/1521"}],"wp:attachment":[{"href":"https:\/\/www.theseacleaners.org\/de\/wp-json\/wp\/v2\/media?parent=1394"}],"curies":[{"name":"wp","href":"https:\/\/api.w.org\/{rel}","templated":true}]}}