{"id":1395,"date":"2025-06-23T14:34:59","date_gmt":"2025-06-23T12:34:59","guid":{"rendered":"https:\/\/www.theseacleaners.org\/startseite\/"},"modified":"2026-02-02T20:24:41","modified_gmt":"2026-02-02T19:24:41","slug":"startseite","status":"publish","type":"page","link":"https:\/\/www.theseacleaners.org\/de\/","title":{"rendered":"Startseite"},"content":{"rendered":"","protected":false},"excerpt":{"rendered":"","protected":false},"author":1,"featured_media":0,"parent":0,"menu_order":0,"comment_status":"closed","ping_status":"closed","template":"","meta":{"_acf_changed":false,"_seopress_robots_primary_cat":"","_seopress_titles_title":"K\u00e4mpfen Sie noch heute f\u00fcr plastikfreie Ozeane","_seopress_titles_desc":"Unterst\u00fctzen Sie die Expeditionen von The SeaCleaners zur Reduzierung von Plastik in den Ozeanen mit innovativer Technologie, politischem Wandel und Gemeinschaftsaktionen. Werden Sie Partner oder spenden Sie jetzt! ","_seopress_robots_index":"","footnotes":""},"class_list":["post-1395","page","type-page","status-publish","hentry"],"acf":[],"_links":{"self":[{"href":"https:\/\/www.theseacleaners.org\/de\/wp-json\/wp\/v2\/pages\/1395","targetHints":{"allow":["GET"]}}],"collection":[{"href":"https:\/\/www.theseacleaners.org\/de\/wp-json\/wp\/v2\/pages"}],"about":[{"href":"https:\/\/www.theseacleaners.org\/de\/wp-json\/wp\/v2\/types\/page"}],"author":[{"embeddable":true,"href":"https:\/\/www.theseacleaners.org\/de\/wp-json\/wp\/v2\/users\/1"}],"replies":[{"embeddable":true,"href":"https:\/\/www.theseacleaners.org\/de\/wp-json\/wp\/v2\/comments?post=1395"}],"version-history":[{"count":2,"href":"https:\/\/www.theseacleaners.org\/de\/wp-json\/wp\/v2\/pages\/1395\/revisions"}],"predecessor-version":[{"id":1898,"href":"https:\/\/www.theseacleaners.org\/de\/wp-json\/wp\/v2\/pages\/1395\/revisions\/1898"}],"wp:attachment":[{"href":"https:\/\/www.theseacleaners.org\/de\/wp-json\/wp\/v2\/media?parent=1395"}],"curies":[{"name":"wp","href":"https:\/\/api.w.org\/{rel}","templated":true}]}}