{"id":1396,"date":"2025-06-22T16:36:05","date_gmt":"2025-06-22T14:36:05","guid":{"rendered":"https:\/\/www.theseacleaners.org\/wissen-und-bewusstheit\/"},"modified":"2026-02-01T17:05:32","modified_gmt":"2026-02-01T16:05:32","slug":"wissen-und-bewusstheit","status":"publish","type":"page","link":"https:\/\/www.theseacleaners.org\/de\/wissen-und-bewusstheit\/","title":{"rendered":"Wissen und Bewusstheit"},"content":{"rendered":"","protected":false},"excerpt":{"rendered":"","protected":false},"author":1,"featured_media":0,"parent":0,"menu_order":0,"comment_status":"closed","ping_status":"closed","template":"","meta":{"_acf_changed":false,"_seopress_robots_primary_cat":"","_seopress_titles_title":"Sch\u00fctzen Sie die Ozeane: SeaCleaners bek\u00e4mpfen Plastikverschmutzung","_seopress_titles_desc":"Schlie\u00dfen Sie sich The SeaCleaners an und leisten Sie Pionierarbeit bei der Bek\u00e4mpfung der Plastikverschmutzung. Setzen Sie sich f\u00fcr Ver\u00e4nderungen durch Wissenschaft, Bildung und globale Initiativen ein. Handeln Sie f\u00fcr eine plastikfreie Zukunft.  ","_seopress_robots_index":"","footnotes":""},"class_list":["post-1396","page","type-page","status-publish","hentry"],"acf":[],"_links":{"self":[{"href":"https:\/\/www.theseacleaners.org\/de\/wp-json\/wp\/v2\/pages\/1396","targetHints":{"allow":["GET"]}}],"collection":[{"href":"https:\/\/www.theseacleaners.org\/de\/wp-json\/wp\/v2\/pages"}],"about":[{"href":"https:\/\/www.theseacleaners.org\/de\/wp-json\/wp\/v2\/types\/page"}],"author":[{"embeddable":true,"href":"https:\/\/www.theseacleaners.org\/de\/wp-json\/wp\/v2\/users\/1"}],"replies":[{"embeddable":true,"href":"https:\/\/www.theseacleaners.org\/de\/wp-json\/wp\/v2\/comments?post=1396"}],"version-history":[{"count":1,"href":"https:\/\/www.theseacleaners.org\/de\/wp-json\/wp\/v2\/pages\/1396\/revisions"}],"predecessor-version":[{"id":1867,"href":"https:\/\/www.theseacleaners.org\/de\/wp-json\/wp\/v2\/pages\/1396\/revisions\/1867"}],"wp:attachment":[{"href":"https:\/\/www.theseacleaners.org\/de\/wp-json\/wp\/v2\/media?parent=1396"}],"curies":[{"name":"wp","href":"https:\/\/api.w.org\/{rel}","templated":true}]}}