{"id":1397,"date":"2025-03-31T14:26:49","date_gmt":"2025-03-31T14:26:49","guid":{"rendered":"https:\/\/www.theseacleaners.org\/unsere-botschafter\/"},"modified":"2025-03-31T14:26:49","modified_gmt":"2025-03-31T14:26:49","slug":"unsere-botschafter","status":"publish","type":"page","link":"https:\/\/www.theseacleaners.org\/de\/unsere-botschafter\/","title":{"rendered":"Unsere Botschafter"},"content":{"rendered":"","protected":false},"excerpt":{"rendered":"","protected":false},"author":1,"featured_media":0,"parent":0,"menu_order":0,"comment_status":"closed","ping_status":"closed","template":"","meta":{"_acf_changed":false,"_seopress_robots_primary_cat":"","_seopress_titles_title":"Werden Sie Mitglied bei den SeaCleaners: Anw\u00e4lte f\u00fcr den Schutz der Ozeane","_seopress_titles_desc":"Schlie\u00dfen Sie sich leidenschaftlichen Verfechtern wie Seglern und Entdeckern im Kampf gegen die Plastikverschmutzung an. Inspirieren Sie den Wandel zum Schutz der Ozeane mit den SeaCleaners! ","_seopress_robots_index":"","footnotes":""},"class_list":["post-1397","page","type-page","status-publish","hentry"],"acf":[],"_links":{"self":[{"href":"https:\/\/www.theseacleaners.org\/de\/wp-json\/wp\/v2\/pages\/1397","targetHints":{"allow":["GET"]}}],"collection":[{"href":"https:\/\/www.theseacleaners.org\/de\/wp-json\/wp\/v2\/pages"}],"about":[{"href":"https:\/\/www.theseacleaners.org\/de\/wp-json\/wp\/v2\/types\/page"}],"author":[{"embeddable":true,"href":"https:\/\/www.theseacleaners.org\/de\/wp-json\/wp\/v2\/users\/1"}],"replies":[{"embeddable":true,"href":"https:\/\/www.theseacleaners.org\/de\/wp-json\/wp\/v2\/comments?post=1397"}],"version-history":[{"count":0,"href":"https:\/\/www.theseacleaners.org\/de\/wp-json\/wp\/v2\/pages\/1397\/revisions"}],"wp:attachment":[{"href":"https:\/\/www.theseacleaners.org\/de\/wp-json\/wp\/v2\/media?parent=1397"}],"curies":[{"name":"wp","href":"https:\/\/api.w.org\/{rel}","templated":true}]}}