{"id":1399,"date":"2025-05-05T20:02:40","date_gmt":"2025-05-05T18:02:40","guid":{"rendered":"https:\/\/www.theseacleaners.org\/bali-indonesien\/"},"modified":"2026-02-01T17:09:57","modified_gmt":"2026-02-01T16:09:57","slug":"bali-indonesien","status":"publish","type":"page","link":"https:\/\/www.theseacleaners.org\/de\/bali-indonesien\/","title":{"rendered":"Bali, Indonesien"},"content":{"rendered":"","protected":false},"excerpt":{"rendered":"","protected":false},"author":1,"featured_media":0,"parent":0,"menu_order":0,"comment_status":"closed","ping_status":"closed","template":"","meta":{"_acf_changed":false,"_seopress_robots_primary_cat":"","_seopress_titles_title":"Balis innovative Plastikm\u00fcllsammlung erfolgreich","_seopress_titles_desc":"Entdecken Sie das Pilotprojekt auf Bali, das beweist, dass eine skalierbare Sammlung von Plastikm\u00fcll m\u00f6glich ist, die Meeresverschmutzung bek\u00e4mpft und zuk\u00fcnftige Initiativen in S\u00fcdostasien inspiriert.","_seopress_robots_index":"","footnotes":""},"class_list":["post-1399","page","type-page","status-publish","hentry"],"acf":[],"_links":{"self":[{"href":"https:\/\/www.theseacleaners.org\/de\/wp-json\/wp\/v2\/pages\/1399","targetHints":{"allow":["GET"]}}],"collection":[{"href":"https:\/\/www.theseacleaners.org\/de\/wp-json\/wp\/v2\/pages"}],"about":[{"href":"https:\/\/www.theseacleaners.org\/de\/wp-json\/wp\/v2\/types\/page"}],"author":[{"embeddable":true,"href":"https:\/\/www.theseacleaners.org\/de\/wp-json\/wp\/v2\/users\/1"}],"replies":[{"embeddable":true,"href":"https:\/\/www.theseacleaners.org\/de\/wp-json\/wp\/v2\/comments?post=1399"}],"version-history":[{"count":1,"href":"https:\/\/www.theseacleaners.org\/de\/wp-json\/wp\/v2\/pages\/1399\/revisions"}],"predecessor-version":[{"id":1869,"href":"https:\/\/www.theseacleaners.org\/de\/wp-json\/wp\/v2\/pages\/1399\/revisions\/1869"}],"wp:attachment":[{"href":"https:\/\/www.theseacleaners.org\/de\/wp-json\/wp\/v2\/media?parent=1399"}],"curies":[{"name":"wp","href":"https:\/\/api.w.org\/{rel}","templated":true}]}}