{"id":1402,"date":"2025-06-19T12:28:49","date_gmt":"2025-06-19T12:28:49","guid":{"rendered":"https:\/\/www.theseacleaners.org\/datenschutzbestimmungen\/"},"modified":"2025-09-08T13:40:03","modified_gmt":"2025-09-08T13:40:03","slug":"datenschutzbestimmungen","status":"publish","type":"page","link":"https:\/\/www.theseacleaners.org\/de\/datenschutzbestimmungen\/","title":{"rendered":"Datenschutzbestimmungen"},"content":{"rendered":"\n<p>Wir von The SeaCleaners Swiss verpflichten uns, die Privatsph\u00e4re Ihrer pers\u00f6nlichen Daten zu sch\u00fctzen.<\/p>\n\n<p>In dieser Datenschutzerkl\u00e4rung wird erl\u00e4utert, wie wir Ihre pers\u00f6nlichen Daten in \u00dcbereinstimmung mit dem Schweizer Bundesgesetz \u00fcber den Datenschutz (DSG) und, soweit anwendbar, der Allgemeinen Datenschutzverordnung der Europ\u00e4ischen Union (GDPR) erfassen, verwenden und sch\u00fctzen.<\/p>\n\n<hr class=\"wp-block-separator has-alpha-channel-opacity\"\/>\n\n<p><strong>1. Data Controller<\/strong><\/p>\n\n<p>SeaCleaners Swiss, mit Sitz in Chemin de Novalles 9, 1807 Blonay, Schweiz, ist f\u00fcr die Verarbeitung der erhobenen und verarbeiteten personenbezogenen Daten verantwortlich.<\/p>\n\n<hr class=\"wp-block-separator has-alpha-channel-opacity\"\/>\n\n<p><strong>2. Gesammelte Daten<\/strong><\/p>\n\n<p>Diese Datenschutzerkl\u00e4rung gilt f\u00fcr die Verarbeitung personenbezogener Daten, die von Partnern, G\u00f6nnern, Spendern, Beitragszahlern, Mitgliedern, Freiwilligen und allen Interessengruppen zur Verf\u00fcgung gestellt werden, sowie f\u00fcr Daten, die durch den Besuch unserer Website, der Seiten sozialer Medien oder von Newslettern gesammelt werden.<\/p>\n\n<p>Wir sammeln die folgenden Arten von personenbezogenen Daten:<\/p>\n\n<ul class=\"wp-block-list\">\n<li>Daten zur Identifizierung: Vollst\u00e4ndiger Name, Postanschrift, E-Mail-Adresse, Telefonnummer, Geburtsdatum<\/li>\n\n\n\n<li>Daten zur Spende: Finanzielle Informationen (Spendenbetrag, Zahlungsmethode, Bankverbindung)<\/li>\n\n\n\n<li>Newsletter-Daten: E-Mail-Adresse f\u00fcr den Versand von Informationen und Sensibilisierungskampagnen<\/li>\n\n\n\n<li>Veranstaltungsdaten: Anmeldungen und Teilnahme an Veranstaltungen, Aktivit\u00e4ten oder Freiwilligenprogrammen<\/li>\n\n\n\n<li>Sensible Daten in Bezug auf Bildrechte: Fotos, Videos oder Aufnahmen, die bei Veranstaltungen oder Aktivit\u00e4ten von The SeaCleaners Swiss mit Ihrer ausdr\u00fccklichen Zustimmung zu Kommunikations- oder Sensibilisierungszwecken gemacht wurden<\/li>\n<\/ul>\n\n<hr class=\"wp-block-separator has-alpha-channel-opacity\"\/>\n\n<p><strong>3. Zweck der Verarbeitung<\/strong><\/p>\n\n<p>SeaCleaners Swiss verpflichtet sich, die vorherige Zustimmung zur Verarbeitung der pers\u00f6nlichen Daten seiner beruflichen Kontakte einzuholen.<\/p>\n\n<p>Ihre pers\u00f6nlichen Daten werden f\u00fcr die folgenden Zwecke gesammelt:<\/p>\n\n<ul class=\"wp-block-list\">\n<li>Spendenverwaltung: Spenden erfassen und Quittungen ausstellen<\/li>\n\n\n\n<li>Kommunikation: Versenden von Newslettern, Informationen \u00fcber Aktivit\u00e4ten und Veranstaltungen sowie Updates zu unseren Projekten, einschlie\u00dflich Aufforderungen zur Einreichung von Vorschl\u00e4gen per E-Mail<\/li>\n\n\n\n<li>Sensibilisierung: Organisation von Veranstaltungen, Spendensammlungen und Sensibilisierungsinitiativen<\/li>\n\n\n\n<li>Werbung: Verwendung bildbezogener Daten zur Veranschaulichung unserer Aktionen \u00fcber digitale und gedruckte Medien (Website, soziale Medien, Brosch\u00fcren, Jahresberichte)<\/li>\n<\/ul>\n\n<hr class=\"wp-block-separator has-alpha-channel-opacity\"\/>\n\n<p><strong>4. Rechtsgrundlage f\u00fcr die Verarbeitung<\/strong><\/p>\n\n<p>Die SeaCleaners Swiss verarbeitet Ihre personenbezogenen Daten auf der Grundlage der folgenden Rechtsgrundlagen:<\/p>\n\n<ul class=\"wp-block-list\">\n<li>Einverst\u00e4ndnis: Wenn Sie Ihre ausdr\u00fcckliche Zustimmung zum Erhalt unseres Newsletters oder zur Teilnahme an unseren Veranstaltungen geben<\/li>\n\n\n\n<li>Vertrag: F\u00fcr die Bearbeitung von Spenden oder die Teilnahme an Veranstaltungen<\/li>\n\n\n\n<li>Legitimes Interesse: Verbesserung unserer Dienstleistungen, Verwaltung der Beziehungen zu Spendern und Freiwilligen<\/li>\n\n\n\n<li>Gesetzliche Verpflichtungen: Einhaltung der gesetzlichen Bestimmungen zu Spenden und Buchhaltung<\/li>\n<\/ul>\n\n<hr class=\"wp-block-separator has-alpha-channel-opacity\"\/>\n\n<p><strong>5. Gemeinsame Nutzung von Daten<\/strong><\/p>\n\n<p>In \u00dcbereinstimmung mit dem DSG und der GDPR d\u00fcrfen wir Ihre pers\u00f6nlichen Daten nur an die folgenden Stellen weitergeben:<\/p>\n\n<ul class=\"wp-block-list\">\n<li>Sichere Drittanbieter von Dienstleistungen: F\u00fcr das Hosting von Systemen, den Versand von Mitteilungen oder die Verwaltung von Spenden. Diese Anbieter sind vertraglich dazu verpflichtet, die Vertraulichkeit Ihrer Daten zu wahren. <\/li>\n\n\n\n<li>\u00d6ffentliche Beh\u00f6rden: Falls gesetzlich vorgeschrieben.<\/li>\n<\/ul>\n\n<hr class=\"wp-block-separator has-alpha-channel-opacity\"\/>\n\n<p><strong>6. Aufbewahrungsfrist der Daten<\/strong><\/p>\n\n<p>In \u00dcbereinstimmung mit dem DSG und der DSGVO bewahren wir Ihre personenbezogenen Daten nur so lange auf, wie es zur Erf\u00fcllung der Zwecke, f\u00fcr die sie erhoben wurden, oder zur Erf\u00fcllung gesetzlicher Aufbewahrungspflichten erforderlich ist.<\/p>\n\n<p>Beispiele:<\/p>\n\n<ul class=\"wp-block-list\">\n<li>Spendenbezogene Daten werden in \u00dcbereinstimmung mit den steuerlichen Vorschriften 10 Jahre lang aufbewahrt.<\/li>\n\n\n\n<li>Die Daten des Newsletter-Abonnements werden gespeichert, bis Sie sich abmelden.<\/li>\n<\/ul>\n\n<hr class=\"wp-block-separator has-alpha-channel-opacity\"\/>\n\n<p><strong>7. Ihre Rechte<\/strong><\/p>\n\n<p>In \u00dcbereinstimmung mit dem DSG und der DSGVO haben Sie die folgenden Rechte:<\/p>\n\n<ul class=\"wp-block-list\">\n<li>Recht auf Zugang: Sie k\u00f6nnen eine Kopie der von uns gespeicherten pers\u00f6nlichen Daten anfordern.<\/li>\n\n\n\n<li>Recht auf Berichtigung: Sie k\u00f6nnen ungenaue oder unvollst\u00e4ndige Daten korrigieren.<\/li>\n\n\n\n<li>Recht auf L\u00f6schung: Sie k\u00f6nnen die L\u00f6schung Ihrer pers\u00f6nlichen Daten, einschlie\u00dflich bildbezogener Daten, verlangen.<\/li>\n\n\n\n<li>Recht auf Einschr\u00e4nkung der Verarbeitung: Sie k\u00f6nnen verlangen, dass wir die Verwendung Ihrer Daten einschr\u00e4nken.<\/li>\n\n\n\n<li>Recht auf Widerspruch: Sie k\u00f6nnen der Verarbeitung Ihrer Daten zu Direktmarketingzwecken widersprechen.<\/li>\n\n\n\n<li>Recht auf Daten\u00fcbertragbarkeit: Sie k\u00f6nnen verlangen, dass Ihnen Ihre Daten in einem strukturierten, maschinenlesbaren Format \u00fcbermittelt werden.<\/li>\n<\/ul>\n\n<hr class=\"wp-block-separator has-alpha-channel-opacity\"\/>\n\n<p><strong>8. Datensicherheit<\/strong><\/p>\n\n<p>Wir setzen technische und organisatorische Sicherheitsma\u00dfnahmen ein (sichere Datenverwaltungstools, die \u00fcber eine Zwei-Faktor-Authentifizierung zug\u00e4nglich sind), um Ihre pers\u00f6nlichen Daten vor unbefugtem Zugriff, Ver\u00e4nderung, Weitergabe oder Zerst\u00f6rung zu sch\u00fctzen.<\/p>\n\n<hr class=\"wp-block-separator has-alpha-channel-opacity\"\/>\n\n<p><strong>9. \u00c4nderungen der Datenschutzbestimmungen<\/strong><\/p>\n\n<p>Wir behalten uns das Recht vor, diese Datenschutzrichtlinie jederzeit zu \u00e4ndern. Alle \u00c4nderungen werden auf dieser Seite ver\u00f6ffentlicht, und Sie werden gegebenenfalls per E-Mail benachrichtigt. <\/p>\n\n<hr class=\"wp-block-separator has-alpha-channel-opacity\"\/>\n\n<p><strong>10. Datenschutzbeauftragter (DSB)<\/strong><\/p>\n\n<p>Bei The SeaCleaners Swiss wird vom Vorstand ein Datenschutzbeauftragter (DSB) ernannt, der die Einhaltung des DSG und der DSGVO \u00fcberwacht und sicherstellt.<\/p>\n\n<p>Der DSB ist daf\u00fcr verantwortlich, sicherzustellen, dass die Verarbeitung personenbezogener Daten mit den gesetzlichen Bestimmungen \u00fcbereinstimmt, die Organisation in Datenschutzfragen zu beraten und alle Anfragen oder Bedenken in Bezug auf den Datenschutz zu bearbeiten.<\/p>\n\n<p>Bei Fragen oder W\u00fcnschen im Zusammenhang mit dieser Datenschutzrichtlinie oder zur Aus\u00fcbung Ihrer Rechte, einschlie\u00dflich der Bildrechte, wenden Sie sich bitte an Benoit de Torcy, Generaldirektor von The SeaCleaners Swiss, unter: b.detorcy@theseacleaners.org oder per Post an The SeaCleaners Swiss, Chemin de Novalles 9, 1807 Blonay, Schweiz.<\/p>\n\n<p><strong>Genehmigt durch den Vorstand von The SeaCleaners Swiss am 20. Dezember 2024.<\/strong><\/p>\n","protected":false},"excerpt":{"rendered":"<p>Wir von The SeaCleaners Swiss verpflichten uns, die Privatsph\u00e4re Ihrer pers\u00f6nlichen Daten zu sch\u00fctzen. In dieser Datenschutzerkl\u00e4rung wird erl\u00e4utert, wie wir Ihre pers\u00f6nlichen Daten in \u00dcbereinstimmung mit dem Schweizer Bundesgesetz \u00fcber den Datenschutz (DSG) und, soweit anwendbar, der Allgemeinen Datenschutzverordnung der Europ\u00e4ischen Union (GDPR) erfassen, verwenden und sch\u00fctzen. 1. Data Controller SeaCleaners Swiss, mit Sitz [&hellip;]<\/p>\n","protected":false},"author":1,"featured_media":0,"parent":0,"menu_order":0,"comment_status":"closed","ping_status":"closed","template":"","meta":{"_acf_changed":false,"_seopress_robots_primary_cat":"","_seopress_titles_title":"","_seopress_titles_desc":"","_seopress_robots_index":"","footnotes":""},"class_list":["post-1402","page","type-page","status-publish","hentry"],"acf":[],"_links":{"self":[{"href":"https:\/\/www.theseacleaners.org\/de\/wp-json\/wp\/v2\/pages\/1402","targetHints":{"allow":["GET"]}}],"collection":[{"href":"https:\/\/www.theseacleaners.org\/de\/wp-json\/wp\/v2\/pages"}],"about":[{"href":"https:\/\/www.theseacleaners.org\/de\/wp-json\/wp\/v2\/types\/page"}],"author":[{"embeddable":true,"href":"https:\/\/www.theseacleaners.org\/de\/wp-json\/wp\/v2\/users\/1"}],"replies":[{"embeddable":true,"href":"https:\/\/www.theseacleaners.org\/de\/wp-json\/wp\/v2\/comments?post=1402"}],"version-history":[{"count":1,"href":"https:\/\/www.theseacleaners.org\/de\/wp-json\/wp\/v2\/pages\/1402\/revisions"}],"predecessor-version":[{"id":1403,"href":"https:\/\/www.theseacleaners.org\/de\/wp-json\/wp\/v2\/pages\/1402\/revisions\/1403"}],"wp:attachment":[{"href":"https:\/\/www.theseacleaners.org\/de\/wp-json\/wp\/v2\/media?parent=1402"}],"curies":[{"name":"wp","href":"https:\/\/api.w.org\/{rel}","templated":true}]}}