{"id":1552,"date":"2025-10-27T20:44:27","date_gmt":"2025-10-27T19:44:27","guid":{"rendered":"https:\/\/www.theseacleaners.org\/spenden-sie\/welt\/"},"modified":"2025-11-27T11:41:33","modified_gmt":"2025-11-27T10:41:33","slug":"welt","status":"publish","type":"page","link":"https:\/\/www.theseacleaners.org\/de\/spenden-sie\/welt\/","title":{"rendered":"Welt"},"content":{"rendered":"","protected":false},"excerpt":{"rendered":"","protected":false},"author":1,"featured_media":0,"parent":1393,"menu_order":0,"comment_status":"closed","ping_status":"closed","template":"","meta":{"_acf_changed":false,"_seopress_robots_primary_cat":"","_seopress_titles_title":"K\u00e4mpfen Sie noch heute f\u00fcr eine plastikfreie Welt","_seopress_titles_desc":"Sch\u00fctzen Sie die Ozeane und treiben Sie den Wandel mit The SeaCleaners voran! Leisten Sie noch heute einen globalen Beitrag. Spenden unterst\u00fctzen die lebenswichtige Forschung. Schlie\u00dfen Sie sich uns jetzt an!   ","_seopress_robots_index":"","footnotes":""},"class_list":["post-1552","page","type-page","status-publish","hentry"],"acf":[],"_links":{"self":[{"href":"https:\/\/www.theseacleaners.org\/de\/wp-json\/wp\/v2\/pages\/1552","targetHints":{"allow":["GET"]}}],"collection":[{"href":"https:\/\/www.theseacleaners.org\/de\/wp-json\/wp\/v2\/pages"}],"about":[{"href":"https:\/\/www.theseacleaners.org\/de\/wp-json\/wp\/v2\/types\/page"}],"author":[{"embeddable":true,"href":"https:\/\/www.theseacleaners.org\/de\/wp-json\/wp\/v2\/users\/1"}],"replies":[{"embeddable":true,"href":"https:\/\/www.theseacleaners.org\/de\/wp-json\/wp\/v2\/comments?post=1552"}],"version-history":[{"count":2,"href":"https:\/\/www.theseacleaners.org\/de\/wp-json\/wp\/v2\/pages\/1552\/revisions"}],"predecessor-version":[{"id":1609,"href":"https:\/\/www.theseacleaners.org\/de\/wp-json\/wp\/v2\/pages\/1552\/revisions\/1609"}],"up":[{"embeddable":true,"href":"https:\/\/www.theseacleaners.org\/de\/wp-json\/wp\/v2\/pages\/1393"}],"wp:attachment":[{"href":"https:\/\/www.theseacleaners.org\/de\/wp-json\/wp\/v2\/media?parent=1552"}],"curies":[{"name":"wp","href":"https:\/\/api.w.org\/{rel}","templated":true}]}}