{"id":1160,"date":"2025-06-23T14:34:59","date_gmt":"2025-06-23T12:34:59","guid":{"rendered":"https:\/\/www.theseacleaners.org\/accueil\/"},"modified":"2026-02-02T20:25:47","modified_gmt":"2026-02-02T19:25:47","slug":"accueil","status":"publish","type":"page","link":"https:\/\/www.theseacleaners.org\/fr\/","title":{"rendered":"Accueil"},"content":{"rendered":"","protected":false},"excerpt":{"rendered":"","protected":false},"author":1,"featured_media":0,"parent":0,"menu_order":0,"comment_status":"closed","ping_status":"closed","template":"","meta":{"_acf_changed":false,"_seopress_robots_primary_cat":"","_seopress_titles_title":"Rejoignez la lutte pour des oc\u00e9ans sans plastique d\u00e8s aujourd'hui","_seopress_titles_desc":"Soutenez les exp\u00e9ditions de The SeaCleaners pour r\u00e9duire le plastique dans les oc\u00e9ans gr\u00e2ce \u00e0 des technologies innovantes, des changements politiques et des actions communautaires. Devenez partenaire ou faites un don ! ","_seopress_robots_index":"","footnotes":""},"class_list":["post-1160","page","type-page","status-publish","hentry"],"acf":[],"_links":{"self":[{"href":"https:\/\/www.theseacleaners.org\/fr\/wp-json\/wp\/v2\/pages\/1160","targetHints":{"allow":["GET"]}}],"collection":[{"href":"https:\/\/www.theseacleaners.org\/fr\/wp-json\/wp\/v2\/pages"}],"about":[{"href":"https:\/\/www.theseacleaners.org\/fr\/wp-json\/wp\/v2\/types\/page"}],"author":[{"embeddable":true,"href":"https:\/\/www.theseacleaners.org\/fr\/wp-json\/wp\/v2\/users\/1"}],"replies":[{"embeddable":true,"href":"https:\/\/www.theseacleaners.org\/fr\/wp-json\/wp\/v2\/comments?post=1160"}],"version-history":[{"count":4,"href":"https:\/\/www.theseacleaners.org\/fr\/wp-json\/wp\/v2\/pages\/1160\/revisions"}],"predecessor-version":[{"id":1899,"href":"https:\/\/www.theseacleaners.org\/fr\/wp-json\/wp\/v2\/pages\/1160\/revisions\/1899"}],"wp:attachment":[{"href":"https:\/\/www.theseacleaners.org\/fr\/wp-json\/wp\/v2\/media?parent=1160"}],"curies":[{"name":"wp","href":"https:\/\/api.w.org\/{rel}","templated":true}]}}