{"id":1167,"date":"2025-05-16T13:55:17","date_gmt":"2025-05-16T11:55:17","guid":{"rendered":"https:\/\/www.theseacleaners.org\/faire-un-don\/"},"modified":"2026-02-01T16:47:36","modified_gmt":"2026-02-01T15:47:36","slug":"faire-un-don","status":"publish","type":"page","link":"https:\/\/www.theseacleaners.org\/fr\/faire-un-don\/","title":{"rendered":"Faire un don"},"content":{"rendered":"","protected":false},"excerpt":{"rendered":"","protected":false},"author":1,"featured_media":0,"parent":0,"menu_order":0,"comment_status":"closed","ping_status":"closed","template":"","meta":{"_acf_changed":false,"_seopress_robots_primary_cat":"","_seopress_titles_title":"Soutenez la vie marine - Faites un don pour sauver des vies","_seopress_titles_desc":"Votre don alimente l'espoir, l'action et le changement en faveur de la vie marine et des communaut\u00e9s c\u00f4ti\u00e8res. Chaque contribution compte ! ","_seopress_robots_index":"","footnotes":""},"class_list":["post-1167","page","type-page","status-publish","hentry"],"acf":[],"_links":{"self":[{"href":"https:\/\/www.theseacleaners.org\/fr\/wp-json\/wp\/v2\/pages\/1167","targetHints":{"allow":["GET"]}}],"collection":[{"href":"https:\/\/www.theseacleaners.org\/fr\/wp-json\/wp\/v2\/pages"}],"about":[{"href":"https:\/\/www.theseacleaners.org\/fr\/wp-json\/wp\/v2\/types\/page"}],"author":[{"embeddable":true,"href":"https:\/\/www.theseacleaners.org\/fr\/wp-json\/wp\/v2\/users\/1"}],"replies":[{"embeddable":true,"href":"https:\/\/www.theseacleaners.org\/fr\/wp-json\/wp\/v2\/comments?post=1167"}],"version-history":[{"count":1,"href":"https:\/\/www.theseacleaners.org\/fr\/wp-json\/wp\/v2\/pages\/1167\/revisions"}],"predecessor-version":[{"id":1196,"href":"https:\/\/www.theseacleaners.org\/fr\/wp-json\/wp\/v2\/pages\/1167\/revisions\/1196"}],"wp:attachment":[{"href":"https:\/\/www.theseacleaners.org\/fr\/wp-json\/wp\/v2\/media?parent=1167"}],"curies":[{"name":"wp","href":"https:\/\/api.w.org\/{rel}","templated":true}]}}