{"id":1179,"date":"2025-03-31T14:23:13","date_gmt":"2025-03-31T12:23:13","guid":{"rendered":"https:\/\/www.theseacleaners.org\/a-notre-sujet\/"},"modified":"2026-02-01T20:40:55","modified_gmt":"2026-02-01T19:40:55","slug":"qui-sommes-nous","status":"publish","type":"page","link":"https:\/\/www.theseacleaners.org\/fr\/qui-sommes-nous\/","title":{"rendered":"Qui sommes-nous ?"},"content":{"rendered":"","protected":false},"excerpt":{"rendered":"","protected":false},"author":1,"featured_media":0,"parent":0,"menu_order":0,"comment_status":"closed","ping_status":"closed","template":"","meta":{"_acf_changed":false,"_seopress_robots_primary_cat":"","_seopress_titles_title":"A propos de The SeaCleaners : Qui nous sommes et ce que nous d\u00e9fendons","_seopress_titles_desc":"The SeaCleaners Swiss lutte contre la pollution des oc\u00e9ans par les plastiques au moyen d'exp\u00e9ditions, de conseils d'experts et de campagnes de sensibilisation \u00e0 l'\u00e9chelle mondiale. Rejoignez-nous pour faire la diff\u00e9rence ! ","_seopress_robots_index":"","footnotes":""},"class_list":["post-1179","page","type-page","status-publish","hentry"],"acf":[],"_links":{"self":[{"href":"https:\/\/www.theseacleaners.org\/fr\/wp-json\/wp\/v2\/pages\/1179","targetHints":{"allow":["GET"]}}],"collection":[{"href":"https:\/\/www.theseacleaners.org\/fr\/wp-json\/wp\/v2\/pages"}],"about":[{"href":"https:\/\/www.theseacleaners.org\/fr\/wp-json\/wp\/v2\/types\/page"}],"author":[{"embeddable":true,"href":"https:\/\/www.theseacleaners.org\/fr\/wp-json\/wp\/v2\/users\/1"}],"replies":[{"embeddable":true,"href":"https:\/\/www.theseacleaners.org\/fr\/wp-json\/wp\/v2\/comments?post=1179"}],"version-history":[{"count":2,"href":"https:\/\/www.theseacleaners.org\/fr\/wp-json\/wp\/v2\/pages\/1179\/revisions"}],"predecessor-version":[{"id":1279,"href":"https:\/\/www.theseacleaners.org\/fr\/wp-json\/wp\/v2\/pages\/1179\/revisions\/1279"}],"wp:attachment":[{"href":"https:\/\/www.theseacleaners.org\/fr\/wp-json\/wp\/v2\/media?parent=1179"}],"curies":[{"name":"wp","href":"https:\/\/api.w.org\/{rel}","templated":true}]}}