{"id":1191,"date":"2025-06-23T06:22:37","date_gmt":"2025-06-23T04:22:37","guid":{"rendered":"https:\/\/www.theseacleaners.org\/?page_id=1191"},"modified":"2025-06-25T15:43:12","modified_gmt":"2025-06-25T15:43:12","slug":"charte-ethique","status":"publish","type":"page","link":"https:\/\/www.theseacleaners.org\/fr\/charte-ethique\/","title":{"rendered":"Charte \u00e9thique"},"content":{"rendered":"","protected":false},"excerpt":{"rendered":"","protected":false},"author":1,"featured_media":0,"parent":0,"menu_order":0,"comment_status":"closed","ping_status":"closed","template":"","meta":{"_acf_changed":false,"_seopress_robots_primary_cat":"","_seopress_titles_title":"Charte \u00e9thique - The SeaCleaners","_seopress_titles_desc":"D\u00e9couvrez comment The SeaCleaners lutte pour des oc\u00e9ans sains gr\u00e2ce \u00e0 des partenariats \u00e9thiques en m\u00e9c\u00e9nat et philanthropie.","_seopress_robots_index":"","footnotes":""},"class_list":["post-1191","page","type-page","status-publish","hentry"],"acf":[],"_links":{"self":[{"href":"https:\/\/www.theseacleaners.org\/fr\/wp-json\/wp\/v2\/pages\/1191","targetHints":{"allow":["GET"]}}],"collection":[{"href":"https:\/\/www.theseacleaners.org\/fr\/wp-json\/wp\/v2\/pages"}],"about":[{"href":"https:\/\/www.theseacleaners.org\/fr\/wp-json\/wp\/v2\/types\/page"}],"author":[{"embeddable":true,"href":"https:\/\/www.theseacleaners.org\/fr\/wp-json\/wp\/v2\/users\/1"}],"replies":[{"embeddable":true,"href":"https:\/\/www.theseacleaners.org\/fr\/wp-json\/wp\/v2\/comments?post=1191"}],"version-history":[{"count":2,"href":"https:\/\/www.theseacleaners.org\/fr\/wp-json\/wp\/v2\/pages\/1191\/revisions"}],"predecessor-version":[{"id":1195,"href":"https:\/\/www.theseacleaners.org\/fr\/wp-json\/wp\/v2\/pages\/1191\/revisions\/1195"}],"wp:attachment":[{"href":"https:\/\/www.theseacleaners.org\/fr\/wp-json\/wp\/v2\/media?parent=1191"}],"curies":[{"name":"wp","href":"https:\/\/api.w.org\/{rel}","templated":true}]}}