{"id":1199,"date":"2025-03-31T14:24:07","date_gmt":"2025-03-31T12:24:07","guid":{"rendered":"https:\/\/www.theseacleaners.org\/ambon-indonesie\/"},"modified":"2026-02-26T07:25:44","modified_gmt":"2026-02-26T06:25:44","slug":"ambon-indonesie","status":"publish","type":"page","link":"https:\/\/www.theseacleaners.org\/fr\/ambon-indonesie\/","title":{"rendered":"Ambon, Indon\u00e9sie"},"content":{"rendered":"","protected":false},"excerpt":{"rendered":"","protected":false},"author":1,"featured_media":0,"parent":0,"menu_order":0,"comment_status":"closed","ping_status":"closed","template":"","meta":{"_acf_changed":false,"_seopress_robots_primary_cat":"","_seopress_titles_title":"L'exp\u00e9dition Ambon cible les d\u00e9chets plastiques pour un impact durable","_seopress_titles_desc":"Une mission innovante \u00e0 Ambon, en Indon\u00e9sie, qui s'attaque \u00e0 la pollution plastique \u00e0 sa source pour un changement durable des \u00e9cosyst\u00e8mes marins et des communaut\u00e9s.","_seopress_robots_index":"","footnotes":""},"class_list":["post-1199","page","type-page","status-publish","hentry"],"acf":[],"_links":{"self":[{"href":"https:\/\/www.theseacleaners.org\/fr\/wp-json\/wp\/v2\/pages\/1199","targetHints":{"allow":["GET"]}}],"collection":[{"href":"https:\/\/www.theseacleaners.org\/fr\/wp-json\/wp\/v2\/pages"}],"about":[{"href":"https:\/\/www.theseacleaners.org\/fr\/wp-json\/wp\/v2\/types\/page"}],"author":[{"embeddable":true,"href":"https:\/\/www.theseacleaners.org\/fr\/wp-json\/wp\/v2\/users\/1"}],"replies":[{"embeddable":true,"href":"https:\/\/www.theseacleaners.org\/fr\/wp-json\/wp\/v2\/comments?post=1199"}],"version-history":[{"count":1,"href":"https:\/\/www.theseacleaners.org\/fr\/wp-json\/wp\/v2\/pages\/1199\/revisions"}],"predecessor-version":[{"id":1298,"href":"https:\/\/www.theseacleaners.org\/fr\/wp-json\/wp\/v2\/pages\/1199\/revisions\/1298"}],"wp:attachment":[{"href":"https:\/\/www.theseacleaners.org\/fr\/wp-json\/wp\/v2\/media?parent=1199"}],"curies":[{"name":"wp","href":"https:\/\/api.w.org\/{rel}","templated":true}]}}