{"id":1201,"date":"2025-05-05T20:02:40","date_gmt":"2025-05-05T18:02:40","guid":{"rendered":"https:\/\/www.theseacleaners.org\/bali-indonesie\/"},"modified":"2026-02-01T17:09:12","modified_gmt":"2026-02-01T16:09:12","slug":"bali-indonesie","status":"publish","type":"page","link":"https:\/\/www.theseacleaners.org\/fr\/bali-indonesie\/","title":{"rendered":"Bali, Indon\u00e9sie"},"content":{"rendered":"","protected":false},"excerpt":{"rendered":"","protected":false},"author":1,"featured_media":0,"parent":0,"menu_order":0,"comment_status":"closed","ping_status":"closed","template":"","meta":{"_acf_changed":false,"_seopress_robots_primary_cat":"","_seopress_titles_title":"Succ\u00e8s de la collecte innovante des d\u00e9chets plastiques \u00e0 Bali","_seopress_titles_desc":"D\u00e9couvrez le projet pilote de Bali qui prouve qu'il est possible de mettre en place une collecte des d\u00e9chets plastiques \u00e0 grande \u00e9chelle, de lutter contre la pollution marine et d'inspirer de futures initiatives en Asie du Sud-Est.","_seopress_robots_index":"","footnotes":""},"class_list":["post-1201","page","type-page","status-publish","hentry"],"acf":[],"_links":{"self":[{"href":"https:\/\/www.theseacleaners.org\/fr\/wp-json\/wp\/v2\/pages\/1201","targetHints":{"allow":["GET"]}}],"collection":[{"href":"https:\/\/www.theseacleaners.org\/fr\/wp-json\/wp\/v2\/pages"}],"about":[{"href":"https:\/\/www.theseacleaners.org\/fr\/wp-json\/wp\/v2\/types\/page"}],"author":[{"embeddable":true,"href":"https:\/\/www.theseacleaners.org\/fr\/wp-json\/wp\/v2\/users\/1"}],"replies":[{"embeddable":true,"href":"https:\/\/www.theseacleaners.org\/fr\/wp-json\/wp\/v2\/comments?post=1201"}],"version-history":[{"count":1,"href":"https:\/\/www.theseacleaners.org\/fr\/wp-json\/wp\/v2\/pages\/1201\/revisions"}],"predecessor-version":[{"id":1255,"href":"https:\/\/www.theseacleaners.org\/fr\/wp-json\/wp\/v2\/pages\/1201\/revisions\/1255"}],"wp:attachment":[{"href":"https:\/\/www.theseacleaners.org\/fr\/wp-json\/wp\/v2\/media?parent=1201"}],"curies":[{"name":"wp","href":"https:\/\/api.w.org\/{rel}","templated":true}]}}