{"id":1202,"date":"2025-03-31T14:24:51","date_gmt":"2025-03-31T12:24:51","guid":{"rendered":"https:\/\/www.theseacleaners.org\/kota-kinabalu-malaisie\/"},"modified":"2026-02-01T15:40:55","modified_gmt":"2026-02-01T14:40:55","slug":"kota-kinabalu-malaisie","status":"publish","type":"page","link":"https:\/\/www.theseacleaners.org\/fr\/kota-kinabalu-malaisie\/","title":{"rendered":"Kota Kinabalu, Malaisie"},"content":{"rendered":"","protected":false},"excerpt":{"rendered":"","protected":false},"author":1,"featured_media":0,"parent":0,"menu_order":0,"comment_status":"closed","ping_status":"closed","template":"","meta":{"_acf_changed":false,"_seopress_robots_primary_cat":"","_seopress_titles_title":"Kota Kinabalu : Conservation marine et lutte contre les d\u00e9chets plastiques","_seopress_titles_desc":"D\u00e9couvrez les efforts d\u00e9ploy\u00e9s par Kota Kinabalu pour lutter contre la pollution plastique et prot\u00e9ger la biodiversit\u00e9 marine, afin d'assurer un avenir durable \u00e0 ses \u00e9cosyst\u00e8mes \u00e9poustouflants.","_seopress_robots_index":"","footnotes":""},"class_list":["post-1202","page","type-page","status-publish","hentry"],"acf":[],"_links":{"self":[{"href":"https:\/\/www.theseacleaners.org\/fr\/wp-json\/wp\/v2\/pages\/1202","targetHints":{"allow":["GET"]}}],"collection":[{"href":"https:\/\/www.theseacleaners.org\/fr\/wp-json\/wp\/v2\/pages"}],"about":[{"href":"https:\/\/www.theseacleaners.org\/fr\/wp-json\/wp\/v2\/types\/page"}],"author":[{"embeddable":true,"href":"https:\/\/www.theseacleaners.org\/fr\/wp-json\/wp\/v2\/users\/1"}],"replies":[{"embeddable":true,"href":"https:\/\/www.theseacleaners.org\/fr\/wp-json\/wp\/v2\/comments?post=1202"}],"version-history":[{"count":1,"href":"https:\/\/www.theseacleaners.org\/fr\/wp-json\/wp\/v2\/pages\/1202\/revisions"}],"predecessor-version":[{"id":1400,"href":"https:\/\/www.theseacleaners.org\/fr\/wp-json\/wp\/v2\/pages\/1202\/revisions\/1400"}],"wp:attachment":[{"href":"https:\/\/www.theseacleaners.org\/fr\/wp-json\/wp\/v2\/media?parent=1202"}],"curies":[{"name":"wp","href":"https:\/\/api.w.org\/{rel}","templated":true}]}}